{"id":47079,"date":"2026-05-04T13:39:07","date_gmt":"2026-05-04T11:39:07","guid":{"rendered":"https:\/\/www.orangenkinder.com\/?post_type=product&#038;p=47079"},"modified":"2026-05-06T10:00:32","modified_gmt":"2026-05-06T08:00:32","slug":"schluesselanhaenger-papa","status":"publish","type":"product","link":"https:\/\/www.orangenkinder.com\/en\/shop\/gift\/schluesselanhaenger-papa\/","title":{"rendered":"Schl\u00fcsselanh\u00e4nger Papa"},"content":{"rendered":"","protected":false},"excerpt":{"rendered":"<p data-start=\"65\" data-end=\"98\">F\u00fcr den besten Papa der Welt \ud83e\udd0e<\/p>\n<p data-start=\"100\" data-end=\"348\">Unser Papa-Herz aus feinem Bioleder und weichem Stoff ist ein kleines, aber bedeutungsvolles Zeichen f\u00fcr all die gro\u00dfen Dinge, die oft still passieren. F\u00fcr starke Arme, die tragen. F\u00fcr Worte, die Mut machen. F\u00fcr all die Momente, die einfach da sind.<\/p>\n<p data-start=\"350\" data-end=\"451\">Handgefertigt mit Liebe erinnert es jeden Tag daran: Du bist unser Fels. Unser Held. Unser Zuhause.<\/p>\n<p data-start=\"453\" data-end=\"540\">Ob zum Vatertag oder einfach zwischendurch \u2013 dieses Herz sagt mehr als tausend Worte.<\/p>\n<p data-start=\"542\" data-end=\"628\">Nat\u00fcrlich, hochwertig und mit ganz viel Herz gemacht \u2013 f\u00fcr Papas, die immer da sind.<\/p>\n","protected":false},"featured_media":47086,"comment_status":"closed","ping_status":"closed","template":"","meta":{"_acf_changed":false,"inline_featured_image":false},"product_brand":[327],"product_cat":[104,147],"product_tag":[],"class_list":{"0":"post-47079","1":"product","2":"type-product","3":"status-publish","4":"has-post-thumbnail","6":"product_brand-orangenkinder","7":"product_cat-geschenk","8":"product_cat-accessoires-zubehoer","9":"pa_farbe-blau","11":"first","12":"instock","13":"taxable","14":"shipping-taxable","15":"purchasable","16":"product-type-simple"},"acf":[],"yoast_head":"<!-- This site is optimized with the Yoast SEO plugin v27.6 - https:\/\/yoast.com\/product\/yoast-seo-wordpress\/ -->\n<title>Schl\u00fcsselanh\u00e4nger Papa - Orangenkinder\u00ae Kinderschuhe<\/title>\n<meta name=\"robots\" content=\"index, follow, max-snippet:-1, max-image-preview:large, max-video-preview:-1\" \/>\n<link rel=\"canonical\" href=\"https:\/\/www.orangenkinder.com\/en\/shop\/gift\/schluesselanhaenger-papa\/\" \/>\n<meta property=\"og:locale\" content=\"en_GB\" \/>\n<meta property=\"og:type\" content=\"article\" \/>\n<meta property=\"og:title\" content=\"Schl\u00fcsselanh\u00e4nger Papa - Orangenkinder\u00ae Kinderschuhe\" \/>\n<meta property=\"og:description\" content=\"F\u00fcr den besten Papa der Welt \ud83e\udd0e Unser Papa-Herz aus feinem Bioleder und weichem Stoff ist ein kleines, aber bedeutungsvolles Zeichen f\u00fcr all die gro\u00dfen Dinge, die oft still passieren. F\u00fcr starke Arme, die tragen. F\u00fcr Worte, die Mut machen. F\u00fcr all die Momente, die einfach da sind. Handgefertigt mit Liebe erinnert es jeden Tag daran: Du bist unser Fels. Unser Held. Unser Zuhause. Ob zum Vatertag oder einfach zwischendurch \u2013 dieses Herz sagt mehr als tausend Worte. Nat\u00fcrlich, hochwertig und mit ganz viel Herz gemacht \u2013 f\u00fcr Papas, die immer da sind.\" \/>\n<meta property=\"og:url\" content=\"https:\/\/www.orangenkinder.com\/en\/shop\/gift\/schluesselanhaenger-papa\/\" \/>\n<meta property=\"og:site_name\" content=\"Orangenkinder\u00ae Kinderschuhe\" \/>\n<meta property=\"article:publisher\" content=\"https:\/\/www.facebook.com\/Orangenkinder\" \/>\n<meta property=\"article:modified_time\" content=\"2026-05-06T08:00:32+00:00\" \/>\n<meta property=\"og:image\" content=\"https:\/\/www.orangenkinder.com\/wp-content\/uploads\/2026\/05\/Schluesselanhaenger-Mama-und-Papa-e1777897162535.jpg\" \/>\n\t<meta property=\"og:image:width\" content=\"1000\" \/>\n\t<meta property=\"og:image:height\" content=\"1000\" \/>\n\t<meta property=\"og:image:type\" content=\"image\/jpeg\" \/>\n<meta name=\"twitter:card\" content=\"summary_large_image\" \/>\n<meta name=\"twitter:label1\" content=\"Estimated reading time\" \/>\n\t<meta name=\"twitter:data1\" content=\"1 minute\" \/>\n<script type=\"application\/ld+json\" class=\"yoast-schema-graph\">{\"@context\":\"https:\\\/\\\/schema.org\",\"@graph\":[{\"@type\":\"WebPage\",\"@id\":\"https:\\\/\\\/www.orangenkinder.com\\\/en\\\/shop\\\/gift\\\/schluesselanhaenger-papa\\\/\",\"url\":\"https:\\\/\\\/www.orangenkinder.com\\\/en\\\/shop\\\/gift\\\/schluesselanhaenger-papa\\\/\",\"name\":\"Schl\u00fcsselanh\u00e4nger Papa - Orangenkinder\u00ae Kinderschuhe\",\"isPartOf\":{\"@id\":\"https:\\\/\\\/www.orangenkinder.com\\\/en\\\/#website\"},\"primaryImageOfPage\":{\"@id\":\"https:\\\/\\\/www.orangenkinder.com\\\/en\\\/shop\\\/gift\\\/schluesselanhaenger-papa\\\/#primaryimage\"},\"image\":{\"@id\":\"https:\\\/\\\/www.orangenkinder.com\\\/en\\\/shop\\\/gift\\\/schluesselanhaenger-papa\\\/#primaryimage\"},\"thumbnailUrl\":\"https:\\\/\\\/www.orangenkinder.com\\\/wp-content\\\/uploads\\\/2026\\\/05\\\/Schluesselanhaenger-Mama-und-Papa-e1777897162535.jpg\",\"datePublished\":\"2026-05-04T11:39:07+00:00\",\"dateModified\":\"2026-05-06T08:00:32+00:00\",\"breadcrumb\":{\"@id\":\"https:\\\/\\\/www.orangenkinder.com\\\/en\\\/shop\\\/gift\\\/schluesselanhaenger-papa\\\/#breadcrumb\"},\"inLanguage\":\"en-GB\",\"potentialAction\":[{\"@type\":\"ReadAction\",\"target\":[\"https:\\\/\\\/www.orangenkinder.com\\\/en\\\/shop\\\/gift\\\/schluesselanhaenger-papa\\\/\"]}]},{\"@type\":\"ImageObject\",\"inLanguage\":\"en-GB\",\"@id\":\"https:\\\/\\\/www.orangenkinder.com\\\/en\\\/shop\\\/gift\\\/schluesselanhaenger-papa\\\/#primaryimage\",\"url\":\"https:\\\/\\\/www.orangenkinder.com\\\/wp-content\\\/uploads\\\/2026\\\/05\\\/Schluesselanhaenger-Mama-und-Papa-e1777897162535.jpg\",\"contentUrl\":\"https:\\\/\\\/www.orangenkinder.com\\\/wp-content\\\/uploads\\\/2026\\\/05\\\/Schluesselanhaenger-Mama-und-Papa-e1777897162535.jpg\",\"width\":1000,\"height\":1000},{\"@type\":\"BreadcrumbList\",\"@id\":\"https:\\\/\\\/www.orangenkinder.com\\\/en\\\/shop\\\/gift\\\/schluesselanhaenger-papa\\\/#breadcrumb\",\"itemListElement\":[{\"@type\":\"ListItem\",\"position\":1,\"name\":\"Startseite\",\"item\":\"https:\\\/\\\/www.orangenkinder.com\\\/en\\\/\"},{\"@type\":\"ListItem\",\"position\":2,\"name\":\"Accessories &amp; supplies\",\"item\":\"https:\\\/\\\/www.orangenkinder.com\\\/en\\\/kategorie\\\/accessories-supplies\\\/\"},{\"@type\":\"ListItem\",\"position\":3,\"name\":\"Schl\u00fcsselanh\u00e4nger Papa\"}]},{\"@type\":\"WebSite\",\"@id\":\"https:\\\/\\\/www.orangenkinder.com\\\/en\\\/#website\",\"url\":\"https:\\\/\\\/www.orangenkinder.com\\\/en\\\/\",\"name\":\"Orangenkinder\u00ae Kinderschuhe\",\"description\":\"\",\"publisher\":{\"@id\":\"https:\\\/\\\/www.orangenkinder.com\\\/en\\\/#organization\"},\"potentialAction\":[{\"@type\":\"SearchAction\",\"target\":{\"@type\":\"EntryPoint\",\"urlTemplate\":\"https:\\\/\\\/www.orangenkinder.com\\\/en\\\/?s={search_term_string}\"},\"query-input\":{\"@type\":\"PropertyValueSpecification\",\"valueRequired\":true,\"valueName\":\"search_term_string\"}}],\"inLanguage\":\"en-GB\"},{\"@type\":\"Organization\",\"@id\":\"https:\\\/\\\/www.orangenkinder.com\\\/en\\\/#organization\",\"name\":\"Orangenkinder\u00ae Kinderschuhe\",\"url\":\"https:\\\/\\\/www.orangenkinder.com\\\/en\\\/\",\"logo\":{\"@type\":\"ImageObject\",\"inLanguage\":\"en-GB\",\"@id\":\"https:\\\/\\\/www.orangenkinder.com\\\/en\\\/#\\\/schema\\\/logo\\\/image\\\/\",\"url\":\"https:\\\/\\\/www.orangenkinder.com\\\/wp-content\\\/uploads\\\/2021\\\/11\\\/orangenkinder_col_logomittypo2000px.png\",\"contentUrl\":\"https:\\\/\\\/www.orangenkinder.com\\\/wp-content\\\/uploads\\\/2021\\\/11\\\/orangenkinder_col_logomittypo2000px.png\",\"width\":2000,\"height\":1532,\"caption\":\"Orangenkinder\u00ae Kinderschuhe\"},\"image\":{\"@id\":\"https:\\\/\\\/www.orangenkinder.com\\\/en\\\/#\\\/schema\\\/logo\\\/image\\\/\"},\"sameAs\":[\"https:\\\/\\\/www.facebook.com\\\/Orangenkinder\",\"https:\\\/\\\/www.instagram.com\\\/orangenkinder\\\/\"]}]}<\/script>\n<!-- \/ Yoast SEO plugin. -->","yoast_head_json":{"title":"Schl\u00fcsselanh\u00e4nger Papa - Orangenkinder\u00ae Kinderschuhe","robots":{"index":"index","follow":"follow","max-snippet":"max-snippet:-1","max-image-preview":"max-image-preview:large","max-video-preview":"max-video-preview:-1"},"canonical":"https:\/\/www.orangenkinder.com\/en\/shop\/gift\/schluesselanhaenger-papa\/","og_locale":"en_GB","og_type":"article","og_title":"Schl\u00fcsselanh\u00e4nger Papa - Orangenkinder\u00ae Kinderschuhe","og_description":"F\u00fcr den besten Papa der Welt \ud83e\udd0e Unser Papa-Herz aus feinem Bioleder und weichem Stoff ist ein kleines, aber bedeutungsvolles Zeichen f\u00fcr all die gro\u00dfen Dinge, die oft still passieren. F\u00fcr starke Arme, die tragen. F\u00fcr Worte, die Mut machen. F\u00fcr all die Momente, die einfach da sind. Handgefertigt mit Liebe erinnert es jeden Tag daran: Du bist unser Fels. Unser Held. Unser Zuhause. Ob zum Vatertag oder einfach zwischendurch \u2013 dieses Herz sagt mehr als tausend Worte. Nat\u00fcrlich, hochwertig und mit ganz viel Herz gemacht \u2013 f\u00fcr Papas, die immer da sind.","og_url":"https:\/\/www.orangenkinder.com\/en\/shop\/gift\/schluesselanhaenger-papa\/","og_site_name":"Orangenkinder\u00ae Kinderschuhe","article_publisher":"https:\/\/www.facebook.com\/Orangenkinder","article_modified_time":"2026-05-06T08:00:32+00:00","og_image":[{"width":1000,"height":1000,"url":"https:\/\/www.orangenkinder.com\/wp-content\/uploads\/2026\/05\/Schluesselanhaenger-Mama-und-Papa-e1777897162535.jpg","type":"image\/jpeg"}],"twitter_card":"summary_large_image","twitter_misc":{"Estimated reading time":"1 minute"},"schema":{"@context":"https:\/\/schema.org","@graph":[{"@type":"WebPage","@id":"https:\/\/www.orangenkinder.com\/en\/shop\/gift\/schluesselanhaenger-papa\/","url":"https:\/\/www.orangenkinder.com\/en\/shop\/gift\/schluesselanhaenger-papa\/","name":"Schl\u00fcsselanh\u00e4nger Papa - Orangenkinder\u00ae Kinderschuhe","isPartOf":{"@id":"https:\/\/www.orangenkinder.com\/en\/#website"},"primaryImageOfPage":{"@id":"https:\/\/www.orangenkinder.com\/en\/shop\/gift\/schluesselanhaenger-papa\/#primaryimage"},"image":{"@id":"https:\/\/www.orangenkinder.com\/en\/shop\/gift\/schluesselanhaenger-papa\/#primaryimage"},"thumbnailUrl":"https:\/\/www.orangenkinder.com\/wp-content\/uploads\/2026\/05\/Schluesselanhaenger-Mama-und-Papa-e1777897162535.jpg","datePublished":"2026-05-04T11:39:07+00:00","dateModified":"2026-05-06T08:00:32+00:00","breadcrumb":{"@id":"https:\/\/www.orangenkinder.com\/en\/shop\/gift\/schluesselanhaenger-papa\/#breadcrumb"},"inLanguage":"en-GB","potentialAction":[{"@type":"ReadAction","target":["https:\/\/www.orangenkinder.com\/en\/shop\/gift\/schluesselanhaenger-papa\/"]}]},{"@type":"ImageObject","inLanguage":"en-GB","@id":"https:\/\/www.orangenkinder.com\/en\/shop\/gift\/schluesselanhaenger-papa\/#primaryimage","url":"https:\/\/www.orangenkinder.com\/wp-content\/uploads\/2026\/05\/Schluesselanhaenger-Mama-und-Papa-e1777897162535.jpg","contentUrl":"https:\/\/www.orangenkinder.com\/wp-content\/uploads\/2026\/05\/Schluesselanhaenger-Mama-und-Papa-e1777897162535.jpg","width":1000,"height":1000},{"@type":"BreadcrumbList","@id":"https:\/\/www.orangenkinder.com\/en\/shop\/gift\/schluesselanhaenger-papa\/#breadcrumb","itemListElement":[{"@type":"ListItem","position":1,"name":"Startseite","item":"https:\/\/www.orangenkinder.com\/en\/"},{"@type":"ListItem","position":2,"name":"Accessories &amp; supplies","item":"https:\/\/www.orangenkinder.com\/en\/kategorie\/accessories-supplies\/"},{"@type":"ListItem","position":3,"name":"Schl\u00fcsselanh\u00e4nger Papa"}]},{"@type":"WebSite","@id":"https:\/\/www.orangenkinder.com\/en\/#website","url":"https:\/\/www.orangenkinder.com\/en\/","name":"Orangenkinder\u00ae Kinderschuhe","description":"","publisher":{"@id":"https:\/\/www.orangenkinder.com\/en\/#organization"},"potentialAction":[{"@type":"SearchAction","target":{"@type":"EntryPoint","urlTemplate":"https:\/\/www.orangenkinder.com\/en\/?s={search_term_string}"},"query-input":{"@type":"PropertyValueSpecification","valueRequired":true,"valueName":"search_term_string"}}],"inLanguage":"en-GB"},{"@type":"Organization","@id":"https:\/\/www.orangenkinder.com\/en\/#organization","name":"Orangenkinder\u00ae Kinderschuhe","url":"https:\/\/www.orangenkinder.com\/en\/","logo":{"@type":"ImageObject","inLanguage":"en-GB","@id":"https:\/\/www.orangenkinder.com\/en\/#\/schema\/logo\/image\/","url":"https:\/\/www.orangenkinder.com\/wp-content\/uploads\/2021\/11\/orangenkinder_col_logomittypo2000px.png","contentUrl":"https:\/\/www.orangenkinder.com\/wp-content\/uploads\/2021\/11\/orangenkinder_col_logomittypo2000px.png","width":2000,"height":1532,"caption":"Orangenkinder\u00ae Kinderschuhe"},"image":{"@id":"https:\/\/www.orangenkinder.com\/en\/#\/schema\/logo\/image\/"},"sameAs":["https:\/\/www.facebook.com\/Orangenkinder","https:\/\/www.instagram.com\/orangenkinder\/"]}]}},"_links":{"self":[{"href":"https:\/\/www.orangenkinder.com\/en\/wp-json\/wp\/v2\/product\/47079","targetHints":{"allow":["GET"]}}],"collection":[{"href":"https:\/\/www.orangenkinder.com\/en\/wp-json\/wp\/v2\/product"}],"about":[{"href":"https:\/\/www.orangenkinder.com\/en\/wp-json\/wp\/v2\/types\/product"}],"replies":[{"embeddable":true,"href":"https:\/\/www.orangenkinder.com\/en\/wp-json\/wp\/v2\/comments?post=47079"}],"wp:featuredmedia":[{"embeddable":true,"href":"https:\/\/www.orangenkinder.com\/en\/wp-json\/wp\/v2\/media\/47086"}],"wp:attachment":[{"href":"https:\/\/www.orangenkinder.com\/en\/wp-json\/wp\/v2\/media?parent=47079"}],"wp:term":[{"taxonomy":"product_brand","embeddable":true,"href":"https:\/\/www.orangenkinder.com\/en\/wp-json\/wp\/v2\/product_brand?post=47079"},{"taxonomy":"product_cat","embeddable":true,"href":"https:\/\/www.orangenkinder.com\/en\/wp-json\/wp\/v2\/product_cat?post=47079"},{"taxonomy":"product_tag","embeddable":true,"href":"https:\/\/www.orangenkinder.com\/en\/wp-json\/wp\/v2\/product_tag?post=47079"}],"curies":[{"name":"wp","href":"https:\/\/api.w.org\/{rel}","templated":true}]}}