{"id":46659,"date":"2026-04-21T15:18:29","date_gmt":"2026-04-21T13:18:29","guid":{"rendered":"https:\/\/www.orangenkinder.com\/shop\/uncategorized\/jollein-hooded-towel-pink-terry\/"},"modified":"2026-05-01T17:46:11","modified_gmt":"2026-05-01T15:46:11","slug":"jollein-hooded-towel-pink-terry","status":"publish","type":"product","link":"https:\/\/www.orangenkinder.com\/en\/shop\/clothing\/baby-en\/jollein-hooded-towel-pink-terry\/","title":{"rendered":"Hooded Baby Towel by Jollein &#8211; Terry pink"},"content":{"rendered":"<div class=\"fusion-fullwidth fullwidth-box fusion-builder-row-1 fusion-flex-container nonhundred-percent-fullwidth non-hundred-percent-height-scrolling\" style=\"--awb-border-radius-top-left:0px;--awb-border-radius-top-right:0px;--awb-border-radius-bottom-right:0px;--awb-border-radius-bottom-left:0px;--awb-flex-wrap:wrap;\" ><div class=\"fusion-builder-row fusion-row fusion-flex-align-items-flex-start fusion-flex-content-wrap\" style=\"max-width:1248px;margin-left: calc(-4% \/ 2 );margin-right: calc(-4% \/ 2 );\"><div class=\"fusion-layout-column fusion_builder_column fusion-builder-column-0 fusion_builder_column_1_1 1_1 fusion-flex-column\" style=\"--awb-bg-size:cover;--awb-width-large:100%;--awb-margin-top-large:0px;--awb-spacing-right-large:1.92%;--awb-margin-bottom-large:0px;--awb-spacing-left-large:1.92%;--awb-width-medium:100%;--awb-spacing-right-medium:1.92%;--awb-spacing-left-medium:1.92%;--awb-width-small:100%;--awb-spacing-right-small:1.92%;--awb-spacing-left-small:1.92%;\"><div class=\"fusion-column-wrapper fusion-flex-justify-content-flex-start fusion-content-layout-column\"><div class=\"fusion-separator fusion-full-width-sep\" style=\"align-self: center;margin-left: auto;margin-right: auto;margin-top:5px;width:100%;\"><\/div><div class=\"fusion-title title fusion-title-1 fusion-title-text fusion-title-size-two\"><div class=\"title-sep-container title-sep-container-left fusion-no-large-visibility fusion-no-medium-visibility fusion-no-small-visibility\"><div class=\"title-sep sep-double sep-solid\" style=\"border-color:#e2e2e2;\"><\/div><\/div><span class=\"awb-title-spacer fusion-no-large-visibility fusion-no-medium-visibility fusion-no-small-visibility\"><\/span><h2 class=\"fusion-title-heading title-heading-left fusion-responsive-typography-calculated\" style=\"margin:0;--fontSize:40;line-height:1.2;\"><h2><span style=\"color: #fd8000; font-size: 24pt;\">Hooded towel by Jollein<\/span><\/h2><\/h2><span class=\"awb-title-spacer\"><\/span><div class=\"title-sep-container title-sep-container-right\"><div class=\"title-sep sep-double sep-solid\" style=\"border-color:#e2e2e2;\"><\/div><\/div><\/div>\n\n<ul style=\"--awb-line-height:27.2px;--awb-icon-width:27.2px;--awb-icon-height:27.2px;--awb-icon-margin:11.2px;--awb-content-margin:38.4px;--awb-circlecolor:#fd8000;--awb-circle-yes-font-size:14.08px;\" class=\"fusion-checklist fusion-checklist-1 fusion-checklist-default type-icons\"><li class=\"fusion-li-item\" style=\"\"><span class=\"icon-wrapper circle-yes\"><i class=\"fusion-li-icon fa-check fas\" aria-hidden=\"true\"><\/i><\/span><div class=\"fusion-li-item-content\">\n<p><strong data-start=\"2\" data-end=\"61\">Saugstarkes Baumwoll-Frottee aus 100% Baumwolle f\u00fcr ein kuscheliges Wohlgef\u00fchl<\/strong> \u2013 trocknet kleine Wasserratten im Handumdrehen und schenkt nach dem Baden ein angenehm warmes, geborgenes Gef\u00fchl.<\/p>\n<\/div><\/li><li class=\"fusion-li-item\" style=\"\"><span class=\"icon-wrapper circle-yes\"><i class=\"fusion-li-icon fa-check fas\" aria-hidden=\"true\"><\/i><\/span><div class=\"fusion-li-item-content\">\n<p data-start=\"817\" data-end=\"873\"><strong data-start=\"180\" data-end=\"234\">Sch\u00fctzende Kapuze f\u00fcr extra W\u00e4rme und Geborgenheit<\/strong> \u2013 h\u00e4lt das K\u00f6pfchen sch\u00f6n warm und macht den Badeponcho zum perfekten Kuschelbegleiter nach jedem Bad.<\/p>\n<\/div><\/li><li class=\"fusion-li-item\" style=\"\"><span class=\"icon-wrapper circle-yes\"><i class=\"fusion-li-icon fa-check fas\" aria-hidden=\"true\"><\/i><\/span><div class=\"fusion-li-item-content\">\n<p data-start=\"948\" data-end=\"1028\"><strong data-start=\"342\" data-end=\"388\">Herrlich weich zu empfindlicher Kinderhaut<\/strong> \u2013 das sanfte Material schmiegt sich angenehm an und sorgt f\u00fcr ein rundum wohliges Tragegef\u00fchl.<\/p>\n<\/div><\/li><li class=\"fusion-li-item\" style=\"\"><span class=\"icon-wrapper circle-yes\"><i class=\"fusion-li-icon fa-check fas\" aria-hidden=\"true\"><\/i><\/span><div class=\"fusion-li-item-content\">\n<p><strong data-start=\"488\" data-end=\"535\">Ein Lieblingsst\u00fcck f\u00fcr Bad, Strand und Pool<\/strong> \u2013 praktisch, bequem und liebevoll designt, damit sich dein Kind \u00fcberall nach dem Planschen schnell wieder einkuscheln kann.<\/p>\n<\/div><\/li><\/ul>\n\n<div class=\"fusion-separator fusion-full-width-sep\" style=\"align-self: center;margin-left: auto;margin-right: auto;margin-top:50px;width:100%;\"><\/div><div class=\"fusion-text fusion-text-1\" style=\"--awb-text-transform:none;\"><p data-start=\"79\" data-end=\"231\">The Jollein hooded towel is perfect for keeping children warm and cozy after a bath or swim. Its soft, absorbent cotton terry fabric effectively soaks up moisture and feels gentle on the skin.<\/p>\n<p data-start=\"79\" data-end=\"231\">A practical hood also protects their head, providing extra comfort after water play. Whether at home, at the pool, or on the beach, this poncho is versatile and perfect for everyday use. It quickly turns drying off after splashing into a cozy, feel-good moment.<\/p>\n<\/div>\n\n<\/div><\/div><\/div><\/div>\n","protected":false},"excerpt":{"rendered":"<p>The Jollein hooded baby towel made from soft cotton terry is a cosy companion after bathing, swimming or splashing about. Thanks to the practical hood, it keeps you pleasantly warm and helps kids feel comfortable again quickly.<\/p>\n","protected":false},"featured_media":46065,"comment_status":"closed","ping_status":"closed","template":"","meta":{"_acf_changed":false,"inline_featured_image":false},"product_brand":[652],"product_cat":[401,437,455,459],"product_tag":[],"class_list":{"0":"post-46659","1":"product","2":"type-product","3":"status-publish","4":"has-post-thumbnail","6":"product_brand-jollein","7":"product_cat-clothing","8":"product_cat-accessories-supplies","9":"product_cat-baby-en","10":"product_cat-accessories","11":"pa_farbe-rosa","13":"first","14":"instock","15":"taxable","16":"shipping-taxable","17":"purchasable","18":"product-type-simple"},"acf":[],"yoast_head":"<!-- This site is optimized with the Yoast SEO plugin v27.5 - https:\/\/yoast.com\/product\/yoast-seo-wordpress\/ -->\n<title>Hooded baby towel by Jollein | made from 100% purest cotton<\/title>\n<meta name=\"description\" content=\"Discover lovingly designed hooded towels for babies made from 100% cotton \u2013 a cosy companion after bathing, swimming or splashing about.\" \/>\n<meta name=\"robots\" content=\"index, follow, max-snippet:-1, max-image-preview:large, max-video-preview:-1\" \/>\n<link rel=\"canonical\" href=\"https:\/\/www.orangenkinder.com\/en\/shop\/clothing\/baby-en\/jollein-hooded-towel-pink-terry\/\" \/>\n<meta property=\"og:locale\" content=\"en_GB\" \/>\n<meta property=\"og:type\" content=\"article\" \/>\n<meta property=\"og:title\" content=\"Hooded baby towel by Jollein | made from 100% purest cotton\" \/>\n<meta property=\"og:description\" content=\"Discover lovingly designed hooded towels for babies made from 100% cotton \u2013 a cosy companion after bathing, swimming or splashing about.\" \/>\n<meta property=\"og:url\" content=\"https:\/\/www.orangenkinder.com\/en\/shop\/clothing\/baby-en\/jollein-hooded-towel-pink-terry\/\" \/>\n<meta property=\"og:site_name\" content=\"Orangenkinder\u00ae Kinderschuhe\" \/>\n<meta property=\"article:publisher\" content=\"https:\/\/www.facebook.com\/Orangenkinder\" \/>\n<meta property=\"article:modified_time\" content=\"2026-05-01T15:46:11+00:00\" \/>\n<meta property=\"og:image\" content=\"https:\/\/www.orangenkinder.com\/wp-content\/uploads\/2026\/04\/Kapuzenhandtuch-Frottee-75x75-Wild-Rose-534-514-67113-1.jpg\" \/>\n\t<meta property=\"og:image:width\" content=\"600\" \/>\n\t<meta property=\"og:image:height\" content=\"600\" \/>\n\t<meta property=\"og:image:type\" content=\"image\/jpeg\" \/>\n<meta name=\"twitter:card\" content=\"summary_large_image\" \/>\n<meta name=\"twitter:label1\" content=\"Estimated reading time\" \/>\n\t<meta name=\"twitter:data1\" content=\"2 minutes\" \/>\n<script type=\"application\/ld+json\" class=\"yoast-schema-graph\">{\"@context\":\"https:\\\/\\\/schema.org\",\"@graph\":[{\"@type\":\"WebPage\",\"@id\":\"https:\\\/\\\/www.orangenkinder.com\\\/en\\\/shop\\\/clothing\\\/baby-en\\\/jollein-hooded-towel-pink-terry\\\/\",\"url\":\"https:\\\/\\\/www.orangenkinder.com\\\/en\\\/shop\\\/clothing\\\/baby-en\\\/jollein-hooded-towel-pink-terry\\\/\",\"name\":\"Hooded baby towel by Jollein | made from 100% purest cotton\",\"isPartOf\":{\"@id\":\"https:\\\/\\\/www.orangenkinder.com\\\/en\\\/#website\"},\"primaryImageOfPage\":{\"@id\":\"https:\\\/\\\/www.orangenkinder.com\\\/en\\\/shop\\\/clothing\\\/baby-en\\\/jollein-hooded-towel-pink-terry\\\/#primaryimage\"},\"image\":{\"@id\":\"https:\\\/\\\/www.orangenkinder.com\\\/en\\\/shop\\\/clothing\\\/baby-en\\\/jollein-hooded-towel-pink-terry\\\/#primaryimage\"},\"thumbnailUrl\":\"https:\\\/\\\/www.orangenkinder.com\\\/wp-content\\\/uploads\\\/2026\\\/04\\\/Kapuzenhandtuch-Frottee-75x75-Wild-Rose-534-514-67113-1.jpg\",\"datePublished\":\"2026-04-21T13:18:29+00:00\",\"dateModified\":\"2026-05-01T15:46:11+00:00\",\"description\":\"Discover lovingly designed hooded towels for babies made from 100% cotton \u2013 a cosy companion after bathing, swimming or splashing about.\",\"breadcrumb\":{\"@id\":\"https:\\\/\\\/www.orangenkinder.com\\\/en\\\/shop\\\/clothing\\\/baby-en\\\/jollein-hooded-towel-pink-terry\\\/#breadcrumb\"},\"inLanguage\":\"en-GB\",\"potentialAction\":[{\"@type\":\"ReadAction\",\"target\":[\"https:\\\/\\\/www.orangenkinder.com\\\/en\\\/shop\\\/clothing\\\/baby-en\\\/jollein-hooded-towel-pink-terry\\\/\"]}]},{\"@type\":\"ImageObject\",\"inLanguage\":\"en-GB\",\"@id\":\"https:\\\/\\\/www.orangenkinder.com\\\/en\\\/shop\\\/clothing\\\/baby-en\\\/jollein-hooded-towel-pink-terry\\\/#primaryimage\",\"url\":\"https:\\\/\\\/www.orangenkinder.com\\\/wp-content\\\/uploads\\\/2026\\\/04\\\/Kapuzenhandtuch-Frottee-75x75-Wild-Rose-534-514-67113-1.jpg\",\"contentUrl\":\"https:\\\/\\\/www.orangenkinder.com\\\/wp-content\\\/uploads\\\/2026\\\/04\\\/Kapuzenhandtuch-Frottee-75x75-Wild-Rose-534-514-67113-1.jpg\",\"width\":600,\"height\":600},{\"@type\":\"BreadcrumbList\",\"@id\":\"https:\\\/\\\/www.orangenkinder.com\\\/en\\\/shop\\\/clothing\\\/baby-en\\\/jollein-hooded-towel-pink-terry\\\/#breadcrumb\",\"itemListElement\":[{\"@type\":\"ListItem\",\"position\":1,\"name\":\"Startseite\",\"item\":\"https:\\\/\\\/www.orangenkinder.com\\\/en\\\/\"},{\"@type\":\"ListItem\",\"position\":2,\"name\":\"Clothing\",\"item\":\"https:\\\/\\\/www.orangenkinder.com\\\/en\\\/kategorie\\\/clothing\\\/\"},{\"@type\":\"ListItem\",\"position\":3,\"name\":\"Baby\",\"item\":\"https:\\\/\\\/www.orangenkinder.com\\\/en\\\/kategorie\\\/clothing\\\/baby-en\\\/\"},{\"@type\":\"ListItem\",\"position\":4,\"name\":\"Hooded Baby Towel by Jollein &#8211; Terry pink\"}]},{\"@type\":\"WebSite\",\"@id\":\"https:\\\/\\\/www.orangenkinder.com\\\/en\\\/#website\",\"url\":\"https:\\\/\\\/www.orangenkinder.com\\\/en\\\/\",\"name\":\"Orangenkinder\u00ae Kinderschuhe\",\"description\":\"\",\"publisher\":{\"@id\":\"https:\\\/\\\/www.orangenkinder.com\\\/en\\\/#organization\"},\"potentialAction\":[{\"@type\":\"SearchAction\",\"target\":{\"@type\":\"EntryPoint\",\"urlTemplate\":\"https:\\\/\\\/www.orangenkinder.com\\\/en\\\/?s={search_term_string}\"},\"query-input\":{\"@type\":\"PropertyValueSpecification\",\"valueRequired\":true,\"valueName\":\"search_term_string\"}}],\"inLanguage\":\"en-GB\"},{\"@type\":\"Organization\",\"@id\":\"https:\\\/\\\/www.orangenkinder.com\\\/en\\\/#organization\",\"name\":\"Orangenkinder\u00ae Kinderschuhe\",\"url\":\"https:\\\/\\\/www.orangenkinder.com\\\/en\\\/\",\"logo\":{\"@type\":\"ImageObject\",\"inLanguage\":\"en-GB\",\"@id\":\"https:\\\/\\\/www.orangenkinder.com\\\/en\\\/#\\\/schema\\\/logo\\\/image\\\/\",\"url\":\"https:\\\/\\\/www.orangenkinder.com\\\/wp-content\\\/uploads\\\/2021\\\/11\\\/orangenkinder_col_logomittypo2000px.png\",\"contentUrl\":\"https:\\\/\\\/www.orangenkinder.com\\\/wp-content\\\/uploads\\\/2021\\\/11\\\/orangenkinder_col_logomittypo2000px.png\",\"width\":2000,\"height\":1532,\"caption\":\"Orangenkinder\u00ae Kinderschuhe\"},\"image\":{\"@id\":\"https:\\\/\\\/www.orangenkinder.com\\\/en\\\/#\\\/schema\\\/logo\\\/image\\\/\"},\"sameAs\":[\"https:\\\/\\\/www.facebook.com\\\/Orangenkinder\",\"https:\\\/\\\/www.instagram.com\\\/orangenkinder\\\/\"]}]}<\/script>\n<!-- \/ Yoast SEO plugin. -->","yoast_head_json":{"title":"Hooded baby towel by Jollein | made from 100% purest cotton","description":"Discover lovingly designed hooded towels for babies made from 100% cotton \u2013 a cosy companion after bathing, swimming or splashing about.","robots":{"index":"index","follow":"follow","max-snippet":"max-snippet:-1","max-image-preview":"max-image-preview:large","max-video-preview":"max-video-preview:-1"},"canonical":"https:\/\/www.orangenkinder.com\/en\/shop\/clothing\/baby-en\/jollein-hooded-towel-pink-terry\/","og_locale":"en_GB","og_type":"article","og_title":"Hooded baby towel by Jollein | made from 100% purest cotton","og_description":"Discover lovingly designed hooded towels for babies made from 100% cotton \u2013 a cosy companion after bathing, swimming or splashing about.","og_url":"https:\/\/www.orangenkinder.com\/en\/shop\/clothing\/baby-en\/jollein-hooded-towel-pink-terry\/","og_site_name":"Orangenkinder\u00ae Kinderschuhe","article_publisher":"https:\/\/www.facebook.com\/Orangenkinder","article_modified_time":"2026-05-01T15:46:11+00:00","og_image":[{"width":600,"height":600,"url":"https:\/\/www.orangenkinder.com\/wp-content\/uploads\/2026\/04\/Kapuzenhandtuch-Frottee-75x75-Wild-Rose-534-514-67113-1.jpg","type":"image\/jpeg"}],"twitter_card":"summary_large_image","twitter_misc":{"Estimated reading time":"2 minutes"},"schema":{"@context":"https:\/\/schema.org","@graph":[{"@type":"WebPage","@id":"https:\/\/www.orangenkinder.com\/en\/shop\/clothing\/baby-en\/jollein-hooded-towel-pink-terry\/","url":"https:\/\/www.orangenkinder.com\/en\/shop\/clothing\/baby-en\/jollein-hooded-towel-pink-terry\/","name":"Hooded baby towel by Jollein | made from 100% purest cotton","isPartOf":{"@id":"https:\/\/www.orangenkinder.com\/en\/#website"},"primaryImageOfPage":{"@id":"https:\/\/www.orangenkinder.com\/en\/shop\/clothing\/baby-en\/jollein-hooded-towel-pink-terry\/#primaryimage"},"image":{"@id":"https:\/\/www.orangenkinder.com\/en\/shop\/clothing\/baby-en\/jollein-hooded-towel-pink-terry\/#primaryimage"},"thumbnailUrl":"https:\/\/www.orangenkinder.com\/wp-content\/uploads\/2026\/04\/Kapuzenhandtuch-Frottee-75x75-Wild-Rose-534-514-67113-1.jpg","datePublished":"2026-04-21T13:18:29+00:00","dateModified":"2026-05-01T15:46:11+00:00","description":"Discover lovingly designed hooded towels for babies made from 100% cotton \u2013 a cosy companion after bathing, swimming or splashing about.","breadcrumb":{"@id":"https:\/\/www.orangenkinder.com\/en\/shop\/clothing\/baby-en\/jollein-hooded-towel-pink-terry\/#breadcrumb"},"inLanguage":"en-GB","potentialAction":[{"@type":"ReadAction","target":["https:\/\/www.orangenkinder.com\/en\/shop\/clothing\/baby-en\/jollein-hooded-towel-pink-terry\/"]}]},{"@type":"ImageObject","inLanguage":"en-GB","@id":"https:\/\/www.orangenkinder.com\/en\/shop\/clothing\/baby-en\/jollein-hooded-towel-pink-terry\/#primaryimage","url":"https:\/\/www.orangenkinder.com\/wp-content\/uploads\/2026\/04\/Kapuzenhandtuch-Frottee-75x75-Wild-Rose-534-514-67113-1.jpg","contentUrl":"https:\/\/www.orangenkinder.com\/wp-content\/uploads\/2026\/04\/Kapuzenhandtuch-Frottee-75x75-Wild-Rose-534-514-67113-1.jpg","width":600,"height":600},{"@type":"BreadcrumbList","@id":"https:\/\/www.orangenkinder.com\/en\/shop\/clothing\/baby-en\/jollein-hooded-towel-pink-terry\/#breadcrumb","itemListElement":[{"@type":"ListItem","position":1,"name":"Startseite","item":"https:\/\/www.orangenkinder.com\/en\/"},{"@type":"ListItem","position":2,"name":"Clothing","item":"https:\/\/www.orangenkinder.com\/en\/kategorie\/clothing\/"},{"@type":"ListItem","position":3,"name":"Baby","item":"https:\/\/www.orangenkinder.com\/en\/kategorie\/clothing\/baby-en\/"},{"@type":"ListItem","position":4,"name":"Hooded Baby Towel by Jollein &#8211; Terry pink"}]},{"@type":"WebSite","@id":"https:\/\/www.orangenkinder.com\/en\/#website","url":"https:\/\/www.orangenkinder.com\/en\/","name":"Orangenkinder\u00ae Kinderschuhe","description":"","publisher":{"@id":"https:\/\/www.orangenkinder.com\/en\/#organization"},"potentialAction":[{"@type":"SearchAction","target":{"@type":"EntryPoint","urlTemplate":"https:\/\/www.orangenkinder.com\/en\/?s={search_term_string}"},"query-input":{"@type":"PropertyValueSpecification","valueRequired":true,"valueName":"search_term_string"}}],"inLanguage":"en-GB"},{"@type":"Organization","@id":"https:\/\/www.orangenkinder.com\/en\/#organization","name":"Orangenkinder\u00ae Kinderschuhe","url":"https:\/\/www.orangenkinder.com\/en\/","logo":{"@type":"ImageObject","inLanguage":"en-GB","@id":"https:\/\/www.orangenkinder.com\/en\/#\/schema\/logo\/image\/","url":"https:\/\/www.orangenkinder.com\/wp-content\/uploads\/2021\/11\/orangenkinder_col_logomittypo2000px.png","contentUrl":"https:\/\/www.orangenkinder.com\/wp-content\/uploads\/2021\/11\/orangenkinder_col_logomittypo2000px.png","width":2000,"height":1532,"caption":"Orangenkinder\u00ae Kinderschuhe"},"image":{"@id":"https:\/\/www.orangenkinder.com\/en\/#\/schema\/logo\/image\/"},"sameAs":["https:\/\/www.facebook.com\/Orangenkinder","https:\/\/www.instagram.com\/orangenkinder\/"]}]}},"_links":{"self":[{"href":"https:\/\/www.orangenkinder.com\/en\/wp-json\/wp\/v2\/product\/46659","targetHints":{"allow":["GET"]}}],"collection":[{"href":"https:\/\/www.orangenkinder.com\/en\/wp-json\/wp\/v2\/product"}],"about":[{"href":"https:\/\/www.orangenkinder.com\/en\/wp-json\/wp\/v2\/types\/product"}],"replies":[{"embeddable":true,"href":"https:\/\/www.orangenkinder.com\/en\/wp-json\/wp\/v2\/comments?post=46659"}],"wp:featuredmedia":[{"embeddable":true,"href":"https:\/\/www.orangenkinder.com\/en\/wp-json\/wp\/v2\/media\/46065"}],"wp:attachment":[{"href":"https:\/\/www.orangenkinder.com\/en\/wp-json\/wp\/v2\/media?parent=46659"}],"wp:term":[{"taxonomy":"product_brand","embeddable":true,"href":"https:\/\/www.orangenkinder.com\/en\/wp-json\/wp\/v2\/product_brand?post=46659"},{"taxonomy":"product_cat","embeddable":true,"href":"https:\/\/www.orangenkinder.com\/en\/wp-json\/wp\/v2\/product_cat?post=46659"},{"taxonomy":"product_tag","embeddable":true,"href":"https:\/\/www.orangenkinder.com\/en\/wp-json\/wp\/v2\/product_tag?post=46659"}],"curies":[{"name":"wp","href":"https:\/\/api.w.org\/{rel}","templated":true}]}}